{"id":522,"date":"2025-02-14T16:11:49","date_gmt":"2025-02-14T16:11:49","guid":{"rendered":"https:\/\/appolonia.pl\/%d0%ba%d0%be%d0%bd%d1%82%d0%b0%d0%ba%d1%82\/"},"modified":"2026-03-03T11:58:31","modified_gmt":"2026-03-03T11:58:31","slug":"%d0%ba%d0%be%d0%bd%d1%82%d0%b0%d0%ba%d1%82","status":"publish","type":"page","link":"https:\/\/appolonia.pl\/ru\/%d0%ba%d0%be%d0%bd%d1%82%d0%b0%d0%ba%d1%82\/","title":{"rendered":"\u041a\u041e\u041d\u0422\u0410\u041a\u0422"},"content":{"rendered":"<p>[et_pb_section fb_built=&#187;1&#8243; _builder_version=&#187;4.27.4&#8243; _module_preset=&#187;default&#187; custom_padding=&#187;39px||0px|||&#187; global_colors_info=&#187;{}&#187;][et_pb_row column_structure=&#187;1_4,1_4,1_4,1_4&#8243; use_custom_gutter=&#187;on&#187; gutter_width=&#187;2&#8243; make_equal=&#187;on&#187; _builder_version=&#187;4.27.4&#8243; _module_preset=&#187;default&#187; custom_padding=&#187;26px||0px|||&#187; global_colors_info=&#187;{}&#187;][et_pb_column type=&#187;1_4&#8243; _builder_version=&#187;4.27.4&#8243; _module_preset=&#187;default&#187; background_color=&#187;#F3F3F3&#8243; custom_padding=&#187;20px|8px|20px|15px|true|false&#187; custom_padding_tablet=&#187;|15px|||true|false&#187; custom_padding_phone=&#187;|||15px|true|false&#187; custom_padding_last_edited=&#187;on|phone&#187; global_colors_info=&#187;{}&#187;][et_pb_blurb title=&#187;\u041e\u0422\u0414\u0415\u041b \u041f\u0420\u041e\u0414\u0410\u0416&#187; content_max_width=&#187;100%&#187; _builder_version=&#187;4.27.4&#8243; _module_preset=&#187;default&#187; header_text_color=&#187;#3DAA44&#8243; header_font_size=&#187;22px&#187; body_text_color=&#187;#5E5E5E&#187; body_font_size=&#187;14px&#187; body_line_height=&#187;2em&#187; text_orientation_tablet=&#187;&#187; text_orientation_phone=&#187;center&#187; text_orientation_last_edited=&#187;on|phone&#187; global_colors_info=&#187;{}&#187;]<\/p>\n<div class=\"et_pb_blurb_description\">\n<p><strong>Przemys\u0142aw B\u0142\u0105dek<\/strong><br \/>Management \u2013 Commercial Director<br \/><a href=\"mailto:przemyslaw.bladek@appolonia.pl\">przemyslaw.bladek@appolonia.pl<\/a><\/p>\n<p><strong>Pawe\u0142 Puncewicz<\/strong><br \/>Management<br \/><a href=\"mailto:Pawel.puncewicz@appolonia.pl\">Pawel.puncewicz@appolonia.pl<\/a><\/p>\n<p><strong>Jakub Krawczyk<\/strong><br \/>Trader<br \/>Tel: <a href=\"tel:+48%20785 342 930\">+48 785 342 930<\/a><br \/><a href=\"mailto:jakub.krawczyk@appolonia.pl\">jakub.krawczyk@appolonia.pl<\/a><\/p>\n<\/div>\n<p>[\/et_pb_blurb][\/et_pb_column][et_pb_column type=&#187;1_4&#8243; _builder_version=&#187;4.27.4&#8243; _module_preset=&#187;default&#187; background_color=&#187;#F3F3F3&#8243; custom_padding=&#187;20px|8px|20px|15px|true|false&#187; custom_padding_tablet=&#187;|15px|||true|false&#187; custom_padding_phone=&#187;|||15px|true|false&#187; custom_padding_last_edited=&#187;on|phone&#187; global_colors_info=&#187;{}&#187;][et_pb_blurb title=&#187;.&#187; content_max_width=&#187;100%&#187; title_tablet=&#187; &#187; title_phone=&#187; &#187; title_last_edited=&#187;on|phone&#187; _builder_version=&#187;4.27.4&#8243; _module_preset=&#187;default&#187; header_text_color=&#187;#FAFAFA&#187; header_font_size=&#187;22px&#187; body_text_color=&#187;#5E5E5E&#187; body_font_size=&#187;14px&#187; body_line_height=&#187;2em&#187; custom_margin=&#187;||50px||false|false&#187; custom_margin_tablet=&#187;||60px||false|false&#187; custom_margin_phone=&#187;||60px||false|false&#187; custom_margin_last_edited=&#187;on|phone&#187; text_orientation_tablet=&#187;&#187; text_orientation_phone=&#187;center&#187; text_orientation_last_edited=&#187;on|phone&#187; global_colors_info=&#187;{}&#187;]<\/p>\n<div class=\"et_pb_blurb_description\">\n<p><strong>Magdalena Wo\u017aniak<\/strong><br \/>Trader<br \/>Tel: <a href=\"tel:+48%20512 812 944\">+48 512 812 944<\/a><br \/><a href=\"mailto:magdalena.wozniak@appolonia.pl\">magdalena.wozniak@appolonia.pl<\/a><\/p>\n<p><strong>Angelika Bogumi\u0142<\/strong><br \/>Trader<br \/>Tel: <a href=\"tel:+48%20510 542 567\">+48 510 542 567<\/a><br \/><a href=\"mailto:angelika.bogumil@appolonia.pl\">angelika.bogumil@appolonia.pl<\/a><\/p>\n<p><strong>Karolina Lewandowska \u2013 Naro\u017cnik<\/strong><br \/>Quality Representative<br \/>tel. <a href=\"tel:+48%20727 505 110\">+48 727 505 110<\/a><br \/><a href=\"mailto:karolina.lewandowska@appolonia.pl\">karolina.lewandowska@appolonia.pl<\/a><\/p>\n<\/div>\n<p>[\/et_pb_blurb][\/et_pb_column][et_pb_column type=&#187;1_4&#8243; _builder_version=&#187;4.27.4&#8243; _module_preset=&#187;default&#187; global_colors_info=&#187;{}&#187;][et_pb_blurb title=&#187;\u0412\u0415\u0422\u0412\u042c&#187; content_max_width=&#187;100%&#187; _builder_version=&#187;4.27.4&#8243; _module_preset=&#187;default&#187; header_text_color=&#187;#3DAA44&#8243; header_font_size=&#187;22px&#187; body_text_color=&#187;#5E5E5E&#187; body_font_size=&#187;14px&#187; body_line_height=&#187;2em&#187; text_orientation_tablet=&#187;&#187; text_orientation_phone=&#187;center&#187; text_orientation_last_edited=&#187;on|phone&#187; global_colors_info=&#187;{}&#187;]<\/p>\n<div class=\"et_pb_blurb_description\">\n<p><strong>POSTAL ADDRESS<br \/><\/strong>Lewiczyn 90<br \/>05-622 Belsk Du\u017cy, Poland<br \/>GPS \u2013 51\u00b048\u201902.2\u2033N 20\u00b051\u201927.9\u2033E<strong><br \/><\/strong><\/p>\n<\/div>\n<p>[\/et_pb_blurb][et_pb_blurb title=&#187;\u0423\u041f\u0410\u041a\u041e\u0412\u041a\u0410&#187; content_max_width=&#187;100%&#187; _builder_version=&#187;4.27.4&#8243; _module_preset=&#187;default&#187; header_text_color=&#187;#3DAA44&#8243; header_font_size=&#187;22px&#187; body_text_color=&#187;#5E5E5E&#187; body_font_size=&#187;14px&#187; body_line_height=&#187;2em&#187; text_orientation_tablet=&#187;&#187; text_orientation_phone=&#187;center&#187; text_orientation_last_edited=&#187;on|phone&#187; global_colors_info=&#187;{}&#187;]<\/p>\n<p><strong>Iwona Budzik<\/strong><br \/>tel. <a href=\"tel:+48%20518 521 819\">+48 518 521 819<\/a><br \/><a href=\"mailto:opakowania@appolonia.pl\">opakowania@appolonia.pl<\/a><\/p>\n<p>[\/et_pb_blurb][\/et_pb_column][et_pb_column type=&#187;1_4&#8243; _builder_version=&#187;4.27.4&#8243; _module_preset=&#187;default&#187; global_colors_info=&#187;{}&#187;][et_pb_blurb title=&#187;\u041e\u0424\u0418\u0421&#187; content_max_width=&#187;100%&#187; _builder_version=&#187;4.27.5&#8243; _module_preset=&#187;default&#187; header_text_color=&#187;#3DAA44&#8243; header_font_size=&#187;22px&#187; body_text_color=&#187;#5E5E5E&#187; body_font_size=&#187;14px&#187; body_line_height=&#187;2em&#187; hover_enabled=&#187;0&#8243; text_orientation_tablet=&#187;&#187; text_orientation_phone=&#187;center&#187; text_orientation_last_edited=&#187;on|phone&#187; global_colors_info=&#187;{}&#187; sticky_enabled=&#187;0&#8243;]<\/p>\n<p>e-mail: <a href=\"mailto:biuro@appolonia.pl\">biuro@appolonia.pl<\/a><\/p>\n<p>[\/et_pb_blurb][\/et_pb_column][\/et_pb_row][\/et_pb_section]<\/p>\n","protected":false},"excerpt":{"rendered":"<p>Przemys\u0142aw B\u0142\u0105dekManagement \u2013 Commercial Directorprzemyslaw.bladek@appolonia.pl Pawe\u0142 PuncewiczManagementPawel.puncewicz@appolonia.pl Jakub KrawczykTraderTel: +48 785 342 930jakub.krawczyk@appolonia.pl Magdalena Wo\u017aniakTraderTel: +48 512 812 944magdalena.wozniak@appolonia.pl Angelika Bogumi\u0142TraderTel: +48 510 542 567angelika.bogumil@appolonia.pl Karolina Lewandowska \u2013 Naro\u017cnikQuality Representativetel. +48 727 505 110karolina.lewandowska@appolonia.pl POSTAL ADDRESSLewiczyn 9005-622 Belsk Du\u017cy, PolandGPS \u2013 51\u00b048\u201902.2\u2033N 20\u00b051\u201927.9\u2033E Iwona Budziktel. +48 518 521 819opakowania@appolonia.ple-mail: biuro@appolonia.pl<\/p>\n","protected":false},"author":2,"featured_media":0,"parent":0,"menu_order":0,"comment_status":"closed","ping_status":"open","template":"","meta":{"_et_pb_use_builder":"on","_et_pb_old_content":"","_et_gb_content_width":"","footnotes":""},"class_list":["post-522","page","type-page","status-publish","hentry"],"_links":{"self":[{"href":"https:\/\/appolonia.pl\/ru\/wp-json\/wp\/v2\/pages\/522","targetHints":{"allow":["GET"]}}],"collection":[{"href":"https:\/\/appolonia.pl\/ru\/wp-json\/wp\/v2\/pages"}],"about":[{"href":"https:\/\/appolonia.pl\/ru\/wp-json\/wp\/v2\/types\/page"}],"author":[{"embeddable":true,"href":"https:\/\/appolonia.pl\/ru\/wp-json\/wp\/v2\/users\/2"}],"replies":[{"embeddable":true,"href":"https:\/\/appolonia.pl\/ru\/wp-json\/wp\/v2\/comments?post=522"}],"version-history":[{"count":6,"href":"https:\/\/appolonia.pl\/ru\/wp-json\/wp\/v2\/pages\/522\/revisions"}],"predecessor-version":[{"id":678,"href":"https:\/\/appolonia.pl\/ru\/wp-json\/wp\/v2\/pages\/522\/revisions\/678"}],"wp:attachment":[{"href":"https:\/\/appolonia.pl\/ru\/wp-json\/wp\/v2\/media?parent=522"}],"curies":[{"name":"wp","href":"https:\/\/api.w.org\/{rel}","templated":true}]}}